{"id":182,"date":"2025-05-29T11:01:30","date_gmt":"2025-05-29T08:01:30","guid":{"rendered":"https:\/\/www.orrliden.eu\/kotisivu\/"},"modified":"2025-06-16T10:17:17","modified_gmt":"2025-06-16T07:17:17","slug":"kotisivu","status":"publish","type":"page","link":"https:\/\/www.orrliden.eu\/fi\/","title":{"rendered":"Kotisivu"},"content":{"rendered":"\t\t<div data-elementor-type=\"wp-page\" data-elementor-id=\"182\" class=\"elementor elementor-182 elementor-31\" data-elementor-post-type=\"page\">\n\t\t\t\t<header class=\"elementor-element elementor-element-8abc92d e-flex e-con-boxed e-con e-parent\" data-id=\"8abc92d\" data-element_type=\"container\">\n\t\t\t\t\t<div class=\"e-con-inner\">\n\t\t<div class=\"elementor-element elementor-element-488d9c0f e-con-full e-flex e-con e-child\" data-id=\"488d9c0f\" data-element_type=\"container\">\n\t\t\t\t<div class=\"elementor-element elementor-element-562c8f0c elementor-widget elementor-widget-image\" data-id=\"562c8f0c\" data-element_type=\"widget\" data-widget_type=\"image.default\">\n\t\t\t\t<div class=\"elementor-widget-container\">\n\t\t\t\t\t\t\t\t\t\t\t\t\t\t\t<img fetchpriority=\"high\" decoding=\"async\" width=\"640\" height=\"480\" src=\"https:\/\/www.orrliden.eu\/wp-content\/uploads\/2025\/05\/Hudroajamiga-Orrliden.jpg\" class=\"attachment-full size-full wp-image-170\" alt=\"\" srcset=\"https:\/\/www.orrliden.eu\/wp-content\/uploads\/2025\/05\/Hudroajamiga-Orrliden.jpg 640w, https:\/\/www.orrliden.eu\/wp-content\/uploads\/2025\/05\/Hudroajamiga-Orrliden-300x225.jpg 300w\" sizes=\"(max-width: 640px) 100vw, 640px\" \/>\t\t\t\t\t\t\t\t\t\t\t\t\t\t\t<\/div>\n\t\t\t\t<\/div>\n\t\t\t\t<\/div>\n\t\t<div class=\"elementor-element elementor-element-6adab968 e-con-full e-flex e-con e-child\" data-id=\"6adab968\" data-element_type=\"container\">\n\t\t\t\t<div class=\"elementor-element elementor-element-1e86ce0f elementor-widget elementor-widget-heading\" data-id=\"1e86ce0f\" data-element_type=\"widget\" data-widget_type=\"heading.default\">\n\t\t\t\t<div class=\"elementor-widget-container\">\n\t\t\t\t\t<h1 class=\"elementor-heading-title elementor-size-default\">Orrliden\u00ae 1600<\/h1>\t\t\t\t<\/div>\n\t\t\t\t<\/div>\n\t\t\t\t<div class=\"elementor-element elementor-element-4ccab302 elementor-widget elementor-widget-text-editor\" data-id=\"4ccab302\" data-element_type=\"widget\" data-widget_type=\"text-editor.default\">\n\t\t\t\t<div class=\"elementor-widget-container\">\n\t\t\t\t\t\t\t\t\t<p>Tehokas vesivoimalla toimiva ketjuakselinen ruohonleikkuri<\/p>\t\t\t\t\t\t\t\t<\/div>\n\t\t\t\t<\/div>\n\t\t\t\t<div class=\"elementor-element elementor-element-b244b30 elementor-widget elementor-widget-text-editor\" data-id=\"b244b30\" data-element_type=\"widget\" data-widget_type=\"text-editor.default\">\n\t\t\t\t<div class=\"elementor-widget-container\">\n\t\t\t\t\t\t\t\t\t<p>METS\u00c4T, TIEET JA MAAT:<br>Hydraulisesti toimiva ketjukynt\u00f6aura Orrliden\u00ae 1600, joka on kiinnitetty traktoriin tai kaivinkoneeseen.<\/p>\t\t\t\t\t\t\t\t<\/div>\n\t\t\t\t<\/div>\n\t\t\t\t<div class=\"elementor-element elementor-element-77852ea elementor-mobile-align-center elementor-invisible elementor-widget elementor-widget-button\" data-id=\"77852ea\" data-element_type=\"widget\" id=\"tooteinfo\" data-settings=\"{&quot;_animation&quot;:&quot;fadeInDown&quot;}\" data-widget_type=\"button.default\">\n\t\t\t\t<div class=\"elementor-widget-container\">\n\t\t\t\t\t\t\t\t\t<div class=\"elementor-button-wrapper\">\n\t\t\t\t\t<a class=\"elementor-button elementor-button-link elementor-size-sm\" href=\"#tooteinfo\">\n\t\t\t\t\t\t<span class=\"elementor-button-content-wrapper\">\n\t\t\t\t\t\t\t\t\t<span class=\"elementor-button-text\">Lue lis\u00e4\u00e4<\/span>\n\t\t\t\t\t<\/span>\n\t\t\t\t\t<\/a>\n\t\t\t\t<\/div>\n\t\t\t\t\t\t\t\t<\/div>\n\t\t\t\t<\/div>\n\t\t\t\t<\/div>\n\t\t\t\t\t<\/div>\n\t\t\t\t<\/header>\n\t\t<div class=\"elementor-element elementor-element-5300151e e-flex e-con-boxed e-con e-parent\" data-id=\"5300151e\" data-element_type=\"container\" data-settings=\"{&quot;background_background&quot;:&quot;classic&quot;}\">\n\t\t\t\t\t<div class=\"e-con-inner\">\n\t\t<div class=\"elementor-element elementor-element-51ea3ed1 e-con-full e-flex e-con e-child\" data-id=\"51ea3ed1\" data-element_type=\"container\">\n\t\t\t\t<div class=\"elementor-element elementor-element-38c969c elementor-widget elementor-widget-heading\" data-id=\"38c969c\" data-element_type=\"widget\" data-widget_type=\"heading.default\">\n\t\t\t\t<div class=\"elementor-widget-container\">\n\t\t\t\t\t<h1 class=\"elementor-heading-title elementor-size-default\">Paras ep\u00e4tasaisessa maastossa<\/h1>\t\t\t\t<\/div>\n\t\t\t\t<\/div>\n\t\t\t\t<div class=\"elementor-element elementor-element-907a13d elementor-widget__width-initial elementor-widget elementor-widget-text-editor\" data-id=\"907a13d\" data-element_type=\"widget\" data-widget_type=\"text-editor.default\">\n\t\t\t\t<div class=\"elementor-widget-container\">\n\t\t\t\t\t\t\t\t\t<p>Sunfab \u00ae hydraulisesti toimiva Orrliden \u00ae -ketjuakselileikkuri on suunniteltu erityisesti ep\u00e4tasaisessa ja vaikeassa maastossa, esimerkiksi jokien rantojen, ojien, voimajohtok\u00e4yt\u00e4vien, pensasaidojen, mets\u00e4teiden, tienpientareiden ja viljelysmaiden raivaamiseen. Orrliden\u00ae 1600, jossa on Sunfab\u00ae-hydrojyrsin, tuhoaa tehokkaasti jopa 15 cm:n l\u00e4pimittaisen, voimakkaasti kasvavan pensaikon, hidastaa sen uusiutumista ja v\u00e4hent\u00e4\u00e4 huoltotarvetta. Kallioisessa ja vaikeakulkuisessa maastossa vankat 10 tai 13 mm:n murskauslevyt takaavat luotettavan ja taloudellisen k\u00e4yt\u00f6n.  <\/p>\t\t\t\t\t\t\t\t<\/div>\n\t\t\t\t<\/div>\n\t\t\t\t<\/div>\n\t\t<div class=\"elementor-element elementor-element-2a76dbab e-con-full e-flex e-con e-child\" data-id=\"2a76dbab\" data-element_type=\"container\">\n\t\t\t\t<div class=\"elementor-element elementor-element-78e70543 elementor-widget elementor-widget-image\" data-id=\"78e70543\" data-element_type=\"widget\" data-widget_type=\"image.default\">\n\t\t\t\t<div class=\"elementor-widget-container\">\n\t\t\t\t\t\t\t\t\t\t\t\t\t\t\t<img decoding=\"async\" width=\"285\" height=\"177\" src=\"https:\/\/www.orrliden.eu\/wp-content\/uploads\/2025\/05\/Hudroajamiga-Orrliden.png\" class=\"attachment-full size-full wp-image-174\" alt=\"\" \/>\t\t\t\t\t\t\t\t\t\t\t\t\t\t\t<\/div>\n\t\t\t\t<\/div>\n\t\t\t\t<\/div>\n\t\t\t\t\t<\/div>\n\t\t\t\t<\/div>\n\t\t<div class=\"elementor-element elementor-element-79d7814 e-flex e-con-boxed e-con e-parent\" data-id=\"79d7814\" data-element_type=\"container\" data-settings=\"{&quot;background_background&quot;:&quot;classic&quot;}\">\n\t\t\t\t\t<div class=\"e-con-inner\">\n\t\t\t\t<div class=\"elementor-element elementor-element-9a7de15 elementor-widget elementor-widget-heading\" data-id=\"9a7de15\" data-element_type=\"widget\" data-widget_type=\"heading.default\">\n\t\t\t\t<div class=\"elementor-widget-container\">\n\t\t\t\t\t<h1 class=\"elementor-heading-title elementor-size-default\">Vankka rakenne ja monipuolisuus<\/h1>\t\t\t\t<\/div>\n\t\t\t\t<\/div>\n\t\t\t\t<div class=\"elementor-element elementor-element-330139f elementor-widget__width-initial elementor-widget elementor-widget-text-editor\" data-id=\"330139f\" data-element_type=\"widget\" data-widget_type=\"text-editor.default\">\n\t\t\t\t<div class=\"elementor-widget-container\">\n\t\t\t\t\t\t\t\t\t<p>Orrliden\u00ae 1600 -leikkuup\u00e4\u00e4 k\u00e4\u00e4ntyy vapaasti 90\u00b0 yl\u00f6sp\u00e4in ja 35\u00b0 alasp\u00e4in leikkuupolun suuntaan puhdistuksen aikana, mik\u00e4 takaa optimaalisen suorituskyvyn kaikissa olosuhteissa. Leikkuup\u00e4\u00e4ss\u00e4 on kaksinkertaiset ter\u00e4t ja vino kotelo, jotka takaavat lujuuden, kulutuskest\u00e4vyyden ja pitk\u00e4n k\u00e4ytt\u00f6i\u00e4n. Maassa liukuvat jalat on valmistettu kulutusta kest\u00e4v\u00e4st\u00e4 Hardox\u00ae-ter\u00e4ksest\u00e4. Jalkoihin voidaan asentaa ylim\u00e4\u00e4r\u00e4iset 20 mm:n ruuvikiinnitteiset kulutustyynyt, jotka puolestaan pident\u00e4v\u00e4t jalkojen k\u00e4ytt\u00f6ik\u00e4\u00e4. Leikkuup\u00e4\u00e4 voidaan avata molemmilta puolilta, joten se voi leikata oikealle tai vasemmalle. Turvallisuuden lis\u00e4\u00e4miseksi leikkuup\u00e4\u00e4n taakse on asennettu ketjusuoja, joka v\u00e4hent\u00e4\u00e4 kivien kaatumisriski\u00e4 ja j\u00e4tteiden h\u00e4vitt\u00e4mistarvetta.     <\/p>\t\t\t\t\t\t\t\t<\/div>\n\t\t\t\t<\/div>\n\t\t\t\t\t<\/div>\n\t\t\t\t<\/div>\n\t\t<div class=\"elementor-element elementor-element-22e9ddd e-flex e-con-boxed e-con e-parent\" data-id=\"22e9ddd\" data-element_type=\"container\" id=\"tehnilised-andmed\" data-settings=\"{&quot;background_background&quot;:&quot;classic&quot;}\">\n\t\t\t\t\t<div class=\"e-con-inner\">\n\t\t<div class=\"elementor-element elementor-element-54a3f57 e-con-full e-flex e-con e-child\" data-id=\"54a3f57\" data-element_type=\"container\">\n\t\t\t\t<div class=\"elementor-element elementor-element-c3e2e6c elementor-widget elementor-widget-heading\" data-id=\"c3e2e6c\" data-element_type=\"widget\" data-widget_type=\"heading.default\">\n\t\t\t\t<div class=\"elementor-widget-container\">\n\t\t\t\t\t<h1 class=\"elementor-heading-title elementor-size-default\">Tekniset tiedot<\/h1>\t\t\t\t<\/div>\n\t\t\t\t<\/div>\n\t\t\t\t<div class=\"elementor-element elementor-element-cecb32b elementor-widget__width-initial elementor-widget elementor-widget-text-editor\" data-id=\"cecb32b\" data-element_type=\"widget\" data-widget_type=\"text-editor.default\">\n\t\t\t\t<div class=\"elementor-widget-container\">\n\t\t\t\t\t\t\t\t\t<ul style=\"font-weight: 400;\"><li>Tuote: Sunfab \u00ae Orrliden\u00ae 1600 vesik\u00e4ytt\u00f6inen ketjuakselileikkuri.<\/li><li>Traktorin\/kaivinkoneen paino: v\u00e4hint\u00e4\u00e4n 4000 kg.<\/li><li>Karkaistut murskauslevyt: 2 kappaletta, 10 mm tai 13 mm.<\/li><li>Paino: 400 kg<\/li><li>Pituus\/korkeus (vesivoimalla varustettuna): 2100\/800mm.<\/li><li>Ty\u00f6leveys\/leveys: 1600\/1850mm<\/li><li>\u00d6ljyn v\u00e4himm\u00e4istarve\/\u00f6ljynpaine: 150 litraa\/180 bar.<\/li><\/ul>\t\t\t\t\t\t\t\t<\/div>\n\t\t\t\t<\/div>\n\t\t\t\t<\/div>\n\t\t<div class=\"elementor-element elementor-element-b2e05ed e-con-full e-flex e-con e-child\" data-id=\"b2e05ed\" data-element_type=\"container\">\n\t\t\t\t<div class=\"elementor-element elementor-element-5d46e74 elementor-widget elementor-widget-heading\" data-id=\"5d46e74\" data-element_type=\"widget\" data-widget_type=\"heading.default\">\n\t\t\t\t<div class=\"elementor-widget-container\">\n\t\t\t\t\t<h1 class=\"elementor-heading-title elementor-size-default\">Orrliden\u00ae 1600:n edut<\/h1>\t\t\t\t<\/div>\n\t\t\t\t<\/div>\n\t\t\t\t<div class=\"elementor-element elementor-element-00ab07f elementor-widget__width-initial elementor-widget elementor-widget-text-editor\" data-id=\"00ab07f\" data-element_type=\"widget\" data-widget_type=\"text-editor.default\">\n\t\t\t\t<div class=\"elementor-widget-container\">\n\t\t\t\t\t\t\t\t\t<ul style=\"font-weight: 400;\"><li>Tehokas: tappaa jopa voimakkaan rupisen.<\/li><li>Kest\u00e4v\u00e4: valmistettu Hardox\u00ae-ter\u00e4ksest\u00e4.<\/li><li>Monipuolinen: Soveltuu erilaisille traktoreille\/kaivinkoneille ja maastoille.<\/li><li>Turvallinen: Jousikuormitteinen t\u00f6rm\u00e4yssuoja.<\/li><\/ul>\t\t\t\t\t\t\t\t<\/div>\n\t\t\t\t<\/div>\n\t\t\t\t<\/div>\n\t\t\t\t\t<\/div>\n\t\t\t\t<\/div>\n\t\t<div class=\"elementor-element elementor-element-71bfd8e8 e-flex e-con-boxed e-con e-parent\" data-id=\"71bfd8e8\" data-element_type=\"container\" id=\"kontakt\" data-settings=\"{&quot;background_background&quot;:&quot;classic&quot;}\">\n\t\t\t\t\t<div class=\"e-con-inner\">\n\t\t\t\t<div class=\"elementor-element elementor-element-1a3ae014 elementor-widget elementor-widget-heading\" data-id=\"1a3ae014\" data-element_type=\"widget\" data-widget_type=\"heading.default\">\n\t\t\t\t<div class=\"elementor-widget-container\">\n\t\t\t\t\t<h3 class=\"elementor-heading-title elementor-size-default\">Lakkaa tuhlaamasta aikaa ja energiaa tehottomiin ratkaisuihin!  <\/h3>\t\t\t\t<\/div>\n\t\t\t\t<\/div>\n\t\t\t\t<div class=\"elementor-element elementor-element-1cde2dba elementor-widget elementor-widget-text-editor\" data-id=\"1cde2dba\" data-element_type=\"widget\" data-widget_type=\"text-editor.default\">\n\t\t\t\t<div class=\"elementor-widget-container\">\n\t\t\t\t\t\t\t\t\t<p>Valitse Orrliden\u00ae 1600, jossa on Sunfab\u00ae-hydrauliikka, ja tee mets\u00e4-, tie- tai maataloust\u00f6ist\u00e4si tehokkaampia, nopeampia ja helpompia.<\/p><p>Ota yhteytt\u00e4 jo t\u00e4n\u00e4\u00e4n saadaksesi lis\u00e4tietoja!<\/p>\t\t\t\t\t\t\t\t<\/div>\n\t\t\t\t<\/div>\n\t\t\t\t<div class=\"elementor-element elementor-element-a2b85fc elementor-widget__width-initial elementor-button-align-stretch elementor-widget elementor-widget-form\" data-id=\"a2b85fc\" data-element_type=\"widget\" data-settings=\"{&quot;step_next_label&quot;:&quot;Seuraava&quot;,&quot;step_previous_label&quot;:&quot;Edellinen&quot;,&quot;button_width&quot;:&quot;100&quot;,&quot;step_type&quot;:&quot;number_text&quot;,&quot;step_icon_shape&quot;:&quot;circle&quot;}\" data-widget_type=\"form.default\">\n\t\t\t\t<div class=\"elementor-widget-container\">\n\t\t\t\t\t\t\t<form class=\"elementor-form\" method=\"post\" id=\"kontaktivorm\" name=\"Yhteydenottolomake\">\n\t\t\t<input type=\"hidden\" name=\"post_id\" value=\"182\"\/>\n\t\t\t<input type=\"hidden\" name=\"form_id\" value=\"a2b85fc\"\/>\n\t\t\t<input type=\"hidden\" name=\"referer_title\" value=\"\" \/>\n\n\t\t\t\n\t\t\t<div class=\"elementor-form-fields-wrapper elementor-labels-\">\n\t\t\t\t\t\t\t\t<div class=\"elementor-field-type-text elementor-field-group elementor-column elementor-field-group-name elementor-col-50 elementor-field-required\">\n\t\t\t\t\t\t\t\t\t\t\t\t<label for=\"form-field-name\" class=\"elementor-field-label elementor-screen-only\">\n\t\t\t\t\t\t\t\tEtu- ja sukunimi\t\t\t\t\t\t\t<\/label>\n\t\t\t\t\t\t\t\t\t\t\t\t\t\t<input size=\"1\" type=\"text\" name=\"form_fields[name]\" id=\"form-field-name\" class=\"elementor-field elementor-size-sm  elementor-field-textual\" placeholder=\"Etu- ja sukunimi\" required=\"required\">\n\t\t\t\t\t\t\t\t\t\t\t<\/div>\n\t\t\t\t\t\t\t\t<div class=\"elementor-field-type-text elementor-field-group elementor-column elementor-field-group-field_bbc7868 elementor-col-50\">\n\t\t\t\t\t\t\t\t\t\t\t\t<label for=\"form-field-field_bbc7868\" class=\"elementor-field-label elementor-screen-only\">\n\t\t\t\t\t\t\t\tYritys\t\t\t\t\t\t\t<\/label>\n\t\t\t\t\t\t\t\t\t\t\t\t\t\t<input size=\"1\" type=\"text\" name=\"form_fields[field_bbc7868]\" id=\"form-field-field_bbc7868\" class=\"elementor-field elementor-size-sm  elementor-field-textual\" placeholder=\"Yritys\">\n\t\t\t\t\t\t\t\t\t\t\t<\/div>\n\t\t\t\t\t\t\t\t<div class=\"elementor-field-type-tel elementor-field-group elementor-column elementor-field-group-field_751a081 elementor-col-50 elementor-field-required\">\n\t\t\t\t\t\t\t\t\t\t\t\t<label for=\"form-field-field_751a081\" class=\"elementor-field-label elementor-screen-only\">\n\t\t\t\t\t\t\t\tYhteydenottopuhelin\t\t\t\t\t\t\t<\/label>\n\t\t\t\t\t\t\t\t<input size=\"1\" type=\"tel\" name=\"form_fields[field_751a081]\" id=\"form-field-field_751a081\" class=\"elementor-field elementor-size-sm  elementor-field-textual\" placeholder=\"Yhteydenottopuhelin\" required=\"required\" pattern=\"[0-9()#&amp;+*-=.]+\" title=\"Only numbers and phone characters (#, -, *, etc) are accepted.\">\n\n\t\t\t\t\t\t<\/div>\n\t\t\t\t\t\t\t\t<div class=\"elementor-field-type-email elementor-field-group elementor-column elementor-field-group-email elementor-col-50 elementor-field-required\">\n\t\t\t\t\t\t\t\t\t\t\t\t<label for=\"form-field-email\" class=\"elementor-field-label elementor-screen-only\">\n\t\t\t\t\t\t\t\tS\u00e4hk\u00f6postiosoite\t\t\t\t\t\t\t<\/label>\n\t\t\t\t\t\t\t\t\t\t\t\t\t\t<input size=\"1\" type=\"email\" name=\"form_fields[email]\" id=\"form-field-email\" class=\"elementor-field elementor-size-sm  elementor-field-textual\" placeholder=\"S\u00e4hk\u00f6postiosoite\" required=\"required\">\n\t\t\t\t\t\t\t\t\t\t\t<\/div>\n\t\t\t\t\t\t\t\t<div class=\"elementor-field-type-textarea elementor-field-group elementor-column elementor-field-group-message elementor-col-100 elementor-field-required\">\n\t\t\t\t\t\t\t\t\t\t\t\t<label for=\"form-field-message\" class=\"elementor-field-label elementor-screen-only\">\n\t\t\t\t\t\t\t\tViesti\t\t\t\t\t\t\t<\/label>\n\t\t\t\t\t\t<textarea class=\"elementor-field-textual elementor-field  elementor-size-sm\" name=\"form_fields[message]\" id=\"form-field-message\" rows=\"4\" placeholder=\"Viesti\" required=\"required\"><\/textarea>\t\t\t\t<\/div>\n\t\t\t\t\t\t\t\t<div class=\"elementor-field-type-recaptcha_v3 elementor-field-group elementor-column elementor-field-group-field_4846576 elementor-col-100 recaptcha_v3-bottomright\">\n\t\t\t\t\t<div class=\"elementor-field\" id=\"form-field-field_4846576\"><div class=\"elementor-g-recaptcha\" data-sitekey=\"6Leugk4rAAAAAN0cQ1wimNzqkS-YuwglCpMHRkvo\" data-type=\"v3\" data-action=\"Form\" data-badge=\"bottomright\" data-size=\"invisible\"><\/div><\/div>\t\t\t\t<\/div>\n\t\t\t\t\t\t\t\t<div class=\"elementor-field-group elementor-column elementor-field-type-submit elementor-col-100 e-form__buttons\">\n\t\t\t\t\t<button class=\"elementor-button elementor-size-sm\" type=\"submit\">\n\t\t\t\t\t\t<span class=\"elementor-button-content-wrapper\">\n\t\t\t\t\t\t\t\t\t\t\t\t\t\t\t<span class=\"elementor-button-icon\">\n\t\t\t\t\t\t\t\t\t<svg aria-hidden=\"true\" class=\"e-font-icon-svg e-far-envelope-open\" viewBox=\"0 0 512 512\" xmlns=\"http:\/\/www.w3.org\/2000\/svg\"><path d=\"M494.586 164.516c-4.697-3.883-111.723-89.95-135.251-108.657C337.231 38.191 299.437 0 256 0c-43.205 0-80.636 37.717-103.335 55.859-24.463 19.45-131.07 105.195-135.15 108.549A48.004 48.004 0 0 0 0 201.485V464c0 26.51 21.49 48 48 48h416c26.51 0 48-21.49 48-48V201.509a48 48 0 0 0-17.414-36.993zM464 458a6 6 0 0 1-6 6H54a6 6 0 0 1-6-6V204.347c0-1.813.816-3.526 2.226-4.665 15.87-12.814 108.793-87.554 132.364-106.293C200.755 78.88 232.398 48 256 48c23.693 0 55.857 31.369 73.41 45.389 23.573 18.741 116.503 93.493 132.366 106.316a5.99 5.99 0 0 1 2.224 4.663V458zm-31.991-187.704c4.249 5.159 3.465 12.795-1.745 16.981-28.975 23.283-59.274 47.597-70.929 56.863C336.636 362.283 299.205 400 256 400c-43.452 0-81.287-38.237-103.335-55.86-11.279-8.967-41.744-33.413-70.927-56.865-5.21-4.187-5.993-11.822-1.745-16.981l15.258-18.528c4.178-5.073 11.657-5.843 16.779-1.726 28.618 23.001 58.566 47.035 70.56 56.571C200.143 320.631 232.307 352 256 352c23.602 0 55.246-30.88 73.41-45.389 11.994-9.535 41.944-33.57 70.563-56.568 5.122-4.116 12.601-3.346 16.778 1.727l15.258 18.526z\"><\/path><\/svg>\t\t\t\t\t\t\t\t\t\t\t\t\t\t\t\t\t<\/span>\n\t\t\t\t\t\t\t\t\t\t\t\t\t\t\t\t\t\t\t\t\t\t<span class=\"elementor-button-text\">L\u00e4het\u00e4 osoitteeseen<\/span>\n\t\t\t\t\t\t\t\t\t\t\t\t\t<\/span>\n\t\t\t\t\t<\/button>\n\t\t\t\t<\/div>\n\t\t\t<\/div>\n\t\t<\/form>\n\t\t\t\t\t\t<\/div>\n\t\t\t\t<\/div>\n\t\t\t\t<div class=\"elementor-element elementor-element-6b752f6 elementor-widget elementor-widget-text-editor\" data-id=\"6b752f6\" data-element_type=\"widget\" data-widget_type=\"text-editor.default\">\n\t\t\t\t<div class=\"elementor-widget-container\">\n\t\t\t\t\t\t\t\t\t<p><strong>Tuotanto ja myynti:<\/strong><\/p><p>Hanval Metall O\u00dc, Viljandin l\u00e4\u00e4ni, Karksi-Nuia, T\u00f6\u00f6stuse 1a, 69101, 69101<\/p><p>Raivo Piiber <a href=\"puh:+372%2055%20571%20981%20981\">+372 55 571 981<\/a> | <a href=\"mailto:sales@orrliden.eu\">sales@orrliden.eu<\/a> <\/p>\t\t\t\t\t\t\t\t<\/div>\n\t\t\t\t<\/div>\n\t\t\t\t\t<\/div>\n\t\t\t\t<\/div>\n\t\t<div class=\"elementor-element elementor-element-871b266 e-con-full e-flex e-con e-parent\" data-id=\"871b266\" data-element_type=\"container\">\n\t\t\t\t<div class=\"elementor-element elementor-element-85dbfaf elementor-widget elementor-widget-google_maps\" data-id=\"85dbfaf\" data-element_type=\"widget\" data-widget_type=\"google_maps.default\">\n\t\t\t\t<div class=\"elementor-widget-container\">\n\t\t\t\t\t\t\t<div class=\"elementor-custom-embed\">\n\t\t\t<iframe loading=\"lazy\"\n\t\t\t\t\tsrc=\"https:\/\/maps.google.com\/maps?q=Hanval%20Metall%20O%C3%9C&#038;t=m&#038;z=6&#038;output=embed&#038;iwloc=near\"\n\t\t\t\t\ttitle=\"Hanval Metall O\u00dc\"\n\t\t\t\t\taria-label=\"Hanval Metall O\u00dc\"\n\t\t\t><\/iframe>\n\t\t<\/div>\n\t\t\t\t\t\t<\/div>\n\t\t\t\t<\/div>\n\t\t\t\t<\/div>\n\t\t<div class=\"elementor-element elementor-element-1f878350 e-con-full e-flex e-con e-parent\" data-id=\"1f878350\" data-element_type=\"container\" data-settings=\"{&quot;background_background&quot;:&quot;classic&quot;}\">\n\t\t\t\t<div class=\"elementor-element elementor-element-2c9a0d52 elementor-widget elementor-widget-heading\" data-id=\"2c9a0d52\" data-element_type=\"widget\" data-widget_type=\"heading.default\">\n\t\t\t\t<div class=\"elementor-widget-container\">\n\t\t\t\t\t<p class=\"elementor-heading-title elementor-size-default\">\u00a9 2026  Kaikki oikeudet pid\u00e4tet\u00e4\u00e4n. Hanval Metall O\u00dc. <\/p>\t\t\t\t<\/div>\n\t\t\t\t<\/div>\n\t\t\t\t<\/div>\n\t\t\t\t<\/div>\n\t\t","protected":false},"excerpt":{"rendered":"<p>Orrliden\u00ae 1600 Tehokas vesivoimalla toimiva ketjuakselinen ruohonleikkuri METS\u00c4T, TIEET JA MAAT:Hydraulisesti toimiva ketjukynt\u00f6aura Orrliden\u00ae 1600, joka on kiinnitetty traktoriin tai kaivinkoneeseen. Lue lis\u00e4\u00e4 Paras ep\u00e4tasaisessa maastossa Sunfab \u00ae hydraulisesti toimiva Orrliden \u00ae -ketjuakselileikkuri on suunniteltu erityisesti ep\u00e4tasaisessa ja vaikeassa maastossa, esimerkiksi jokien rantojen, ojien, voimajohtok\u00e4yt\u00e4vien, pensasaidojen, mets\u00e4teiden, tienpientareiden ja viljelysmaiden raivaamiseen. Orrliden\u00ae 1600, jossa on [&hellip;]<\/p>\n","protected":false},"author":1,"featured_media":0,"parent":0,"menu_order":0,"comment_status":"closed","ping_status":"closed","template":"","meta":{"footnotes":""},"class_list":["post-182","page","type-page","status-publish","hentry"],"_links":{"self":[{"href":"https:\/\/www.orrliden.eu\/fi\/wp-json\/wp\/v2\/pages\/182","targetHints":{"allow":["GET"]}}],"collection":[{"href":"https:\/\/www.orrliden.eu\/fi\/wp-json\/wp\/v2\/pages"}],"about":[{"href":"https:\/\/www.orrliden.eu\/fi\/wp-json\/wp\/v2\/types\/page"}],"author":[{"embeddable":true,"href":"https:\/\/www.orrliden.eu\/fi\/wp-json\/wp\/v2\/users\/1"}],"replies":[{"embeddable":true,"href":"https:\/\/www.orrliden.eu\/fi\/wp-json\/wp\/v2\/comments?post=182"}],"version-history":[{"count":2,"href":"https:\/\/www.orrliden.eu\/fi\/wp-json\/wp\/v2\/pages\/182\/revisions"}],"predecessor-version":[{"id":209,"href":"https:\/\/www.orrliden.eu\/fi\/wp-json\/wp\/v2\/pages\/182\/revisions\/209"}],"wp:attachment":[{"href":"https:\/\/www.orrliden.eu\/fi\/wp-json\/wp\/v2\/media?parent=182"}],"curies":[{"name":"wp","href":"https:\/\/api.w.org\/{rel}","templated":true}]}}