{"id":180,"date":"2025-05-29T11:01:30","date_gmt":"2025-05-29T08:01:30","guid":{"rendered":"https:\/\/www.orrliden.eu\/home-page\/"},"modified":"2025-06-16T10:17:17","modified_gmt":"2025-06-16T07:17:17","slug":"home-page","status":"publish","type":"page","link":"https:\/\/www.orrliden.eu\/en\/","title":{"rendered":"Home page"},"content":{"rendered":"\t\t<div data-elementor-type=\"wp-page\" data-elementor-id=\"180\" class=\"elementor elementor-180 elementor-31\" data-elementor-post-type=\"page\">\n\t\t\t\t<header class=\"elementor-element elementor-element-8abc92d e-flex e-con-boxed e-con e-parent\" data-id=\"8abc92d\" data-element_type=\"container\">\n\t\t\t\t\t<div class=\"e-con-inner\">\n\t\t<div class=\"elementor-element elementor-element-488d9c0f e-con-full e-flex e-con e-child\" data-id=\"488d9c0f\" data-element_type=\"container\">\n\t\t\t\t<div class=\"elementor-element elementor-element-562c8f0c elementor-widget elementor-widget-image\" data-id=\"562c8f0c\" data-element_type=\"widget\" data-widget_type=\"image.default\">\n\t\t\t\t<div class=\"elementor-widget-container\">\n\t\t\t\t\t\t\t\t\t\t\t\t\t\t\t<img fetchpriority=\"high\" decoding=\"async\" width=\"640\" height=\"480\" src=\"https:\/\/www.orrliden.eu\/wp-content\/uploads\/2025\/05\/Hudroajamiga-Orrliden.jpg\" class=\"attachment-full size-full wp-image-169\" alt=\"\" srcset=\"https:\/\/www.orrliden.eu\/wp-content\/uploads\/2025\/05\/Hudroajamiga-Orrliden.jpg 640w, https:\/\/www.orrliden.eu\/wp-content\/uploads\/2025\/05\/Hudroajamiga-Orrliden-300x225.jpg 300w\" sizes=\"(max-width: 640px) 100vw, 640px\" \/>\t\t\t\t\t\t\t\t\t\t\t\t\t\t\t<\/div>\n\t\t\t\t<\/div>\n\t\t\t\t<\/div>\n\t\t<div class=\"elementor-element elementor-element-6adab968 e-con-full e-flex e-con e-child\" data-id=\"6adab968\" data-element_type=\"container\">\n\t\t\t\t<div class=\"elementor-element elementor-element-1e86ce0f elementor-widget elementor-widget-heading\" data-id=\"1e86ce0f\" data-element_type=\"widget\" data-widget_type=\"heading.default\">\n\t\t\t\t<div class=\"elementor-widget-container\">\n\t\t\t\t\t<h1 class=\"elementor-heading-title elementor-size-default\">Orrliden\u00ae 1600<\/h1>\t\t\t\t<\/div>\n\t\t\t\t<\/div>\n\t\t\t\t<div class=\"elementor-element elementor-element-4ccab302 elementor-widget elementor-widget-text-editor\" data-id=\"4ccab302\" data-element_type=\"widget\" data-widget_type=\"text-editor.default\">\n\t\t\t\t<div class=\"elementor-widget-container\">\n\t\t\t\t\t\t\t\t\t<p>Powerful hydro-driven chain-axle lawnmower<\/p>\t\t\t\t\t\t\t\t<\/div>\n\t\t\t\t<\/div>\n\t\t\t\t<div class=\"elementor-element elementor-element-b244b30 elementor-widget elementor-widget-text-editor\" data-id=\"b244b30\" data-element_type=\"widget\" data-widget_type=\"text-editor.default\">\n\t\t\t\t<div class=\"elementor-widget-container\">\n\t\t\t\t\t\t\t\t\t<p>OPPORTUNITY FOR FORES, ROADS AND GROUNDS:<br>Hydraulically driven chain plough mower Orrliden\u00ae 1600 attached to a tractor or excavator.<\/p>\t\t\t\t\t\t\t\t<\/div>\n\t\t\t\t<\/div>\n\t\t\t\t<div class=\"elementor-element elementor-element-77852ea elementor-mobile-align-center elementor-invisible elementor-widget elementor-widget-button\" data-id=\"77852ea\" data-element_type=\"widget\" id=\"tooteinfo\" data-settings=\"{&quot;_animation&quot;:&quot;fadeInDown&quot;}\" data-widget_type=\"button.default\">\n\t\t\t\t<div class=\"elementor-widget-container\">\n\t\t\t\t\t\t\t\t\t<div class=\"elementor-button-wrapper\">\n\t\t\t\t\t<a class=\"elementor-button elementor-button-link elementor-size-sm\" href=\"#tooteinfo\">\n\t\t\t\t\t\t<span class=\"elementor-button-content-wrapper\">\n\t\t\t\t\t\t\t\t\t<span class=\"elementor-button-text\">Find out more<\/span>\n\t\t\t\t\t<\/span>\n\t\t\t\t\t<\/a>\n\t\t\t\t<\/div>\n\t\t\t\t\t\t\t\t<\/div>\n\t\t\t\t<\/div>\n\t\t\t\t<\/div>\n\t\t\t\t\t<\/div>\n\t\t\t\t<\/header>\n\t\t<div class=\"elementor-element elementor-element-5300151e e-flex e-con-boxed e-con e-parent\" data-id=\"5300151e\" data-element_type=\"container\" data-settings=\"{&quot;background_background&quot;:&quot;classic&quot;}\">\n\t\t\t\t\t<div class=\"e-con-inner\">\n\t\t<div class=\"elementor-element elementor-element-51ea3ed1 e-con-full e-flex e-con e-child\" data-id=\"51ea3ed1\" data-element_type=\"container\">\n\t\t\t\t<div class=\"elementor-element elementor-element-38c969c elementor-widget elementor-widget-heading\" data-id=\"38c969c\" data-element_type=\"widget\" data-widget_type=\"heading.default\">\n\t\t\t\t<div class=\"elementor-widget-container\">\n\t\t\t\t\t<h1 class=\"elementor-heading-title elementor-size-default\">Best on rough terrain<\/h1>\t\t\t\t<\/div>\n\t\t\t\t<\/div>\n\t\t\t\t<div class=\"elementor-element elementor-element-907a13d elementor-widget__width-initial elementor-widget elementor-widget-text-editor\" data-id=\"907a13d\" data-element_type=\"widget\" data-widget_type=\"text-editor.default\">\n\t\t\t\t<div class=\"elementor-widget-container\">\n\t\t\t\t\t\t\t\t\t<p>The Sunfab \u00ae hydraulically powered Orrliden \u00ae chain-axle mower is specially designed to operate on uneven and difficult terrain, e.g. for clearing river banks, ditches, power line corridors, hedges, forest roads, road verges and farmland. Orrliden\u00ae 1600 with Sunfab\u00ae hydro-jam can effectively destroy even heavy growing brush up to 15 cm in diameter, slowing down its regrowth and reducing the need for maintenance. On rocky and difficult terrain, robust 10 or 13 mm crushing discs ensure reliable and economical operation.  <\/p>\t\t\t\t\t\t\t\t<\/div>\n\t\t\t\t<\/div>\n\t\t\t\t<\/div>\n\t\t<div class=\"elementor-element elementor-element-2a76dbab e-con-full e-flex e-con e-child\" data-id=\"2a76dbab\" data-element_type=\"container\">\n\t\t\t\t<div class=\"elementor-element elementor-element-78e70543 elementor-widget elementor-widget-image\" data-id=\"78e70543\" data-element_type=\"widget\" data-widget_type=\"image.default\">\n\t\t\t\t<div class=\"elementor-widget-container\">\n\t\t\t\t\t\t\t\t\t\t\t\t\t\t\t<img decoding=\"async\" width=\"285\" height=\"177\" src=\"https:\/\/www.orrliden.eu\/wp-content\/uploads\/2025\/05\/Hudroajamiga-Orrliden.png\" class=\"attachment-full size-full wp-image-173\" alt=\"\" \/>\t\t\t\t\t\t\t\t\t\t\t\t\t\t\t<\/div>\n\t\t\t\t<\/div>\n\t\t\t\t<\/div>\n\t\t\t\t\t<\/div>\n\t\t\t\t<\/div>\n\t\t<div class=\"elementor-element elementor-element-79d7814 e-flex e-con-boxed e-con e-parent\" data-id=\"79d7814\" data-element_type=\"container\" data-settings=\"{&quot;background_background&quot;:&quot;classic&quot;}\">\n\t\t\t\t\t<div class=\"e-con-inner\">\n\t\t\t\t<div class=\"elementor-element elementor-element-9a7de15 elementor-widget elementor-widget-heading\" data-id=\"9a7de15\" data-element_type=\"widget\" data-widget_type=\"heading.default\">\n\t\t\t\t<div class=\"elementor-widget-container\">\n\t\t\t\t\t<h1 class=\"elementor-heading-title elementor-size-default\">Robust construction and versatility<\/h1>\t\t\t\t<\/div>\n\t\t\t\t<\/div>\n\t\t\t\t<div class=\"elementor-element elementor-element-330139f elementor-widget__width-initial elementor-widget elementor-widget-text-editor\" data-id=\"330139f\" data-element_type=\"widget\" data-widget_type=\"text-editor.default\">\n\t\t\t\t<div class=\"elementor-widget-container\">\n\t\t\t\t\t\t\t\t\t<p>The Orrliden\u00ae 1600 cutting head rotates freely up 90\u00b0 and down 35\u00b0 in the direction of the cutting path when cleaning, ensuring optimum performance in all conditions. The cutting head features double blades and a slanted housing for strength, wear resistance and long life. The feet for sliding on the ground are made of wear-resistant Hardox\u00ae steel. The feet can be fitted with additional 20 mm bolt-on wear pads, which in turn extend the life of the feet. The cutting head can be open on both sides, so it can cut right or left. To increase safety, a chain guard is fitted behind the cutting head, reducing the risk of stones being knocked over and the need for waste disposal.     <\/p>\t\t\t\t\t\t\t\t<\/div>\n\t\t\t\t<\/div>\n\t\t\t\t\t<\/div>\n\t\t\t\t<\/div>\n\t\t<div class=\"elementor-element elementor-element-22e9ddd e-flex e-con-boxed e-con e-parent\" data-id=\"22e9ddd\" data-element_type=\"container\" id=\"tehnilised-andmed\" data-settings=\"{&quot;background_background&quot;:&quot;classic&quot;}\">\n\t\t\t\t\t<div class=\"e-con-inner\">\n\t\t<div class=\"elementor-element elementor-element-54a3f57 e-con-full e-flex e-con e-child\" data-id=\"54a3f57\" data-element_type=\"container\">\n\t\t\t\t<div class=\"elementor-element elementor-element-c3e2e6c elementor-widget elementor-widget-heading\" data-id=\"c3e2e6c\" data-element_type=\"widget\" data-widget_type=\"heading.default\">\n\t\t\t\t<div class=\"elementor-widget-container\">\n\t\t\t\t\t<h1 class=\"elementor-heading-title elementor-size-default\">Technical data<\/h1>\t\t\t\t<\/div>\n\t\t\t\t<\/div>\n\t\t\t\t<div class=\"elementor-element elementor-element-cecb32b elementor-widget__width-initial elementor-widget elementor-widget-text-editor\" data-id=\"cecb32b\" data-element_type=\"widget\" data-widget_type=\"text-editor.default\">\n\t\t\t\t<div class=\"elementor-widget-container\">\n\t\t\t\t\t\t\t\t\t<ul style=\"font-weight: 400;\"><li>Product:Sunfab \u00ae Orrliden\u00ae 1600 hydro-driven chain-axle mower<\/li><li>Tractor\/excavator weight: 4000 kg or more<\/li><li>Hardened crushing discs: 2 pieces, 10 mm or 13 mm<\/li><li>Weight: 400 kg<\/li><li>Length\/height (including hydro): 2100\/800mm<\/li><li>Working width\/width: 1600\/1850mm<\/li><li>Minimum oil requirement\/oil pressure: 150 litres\/180 bar<\/li><\/ul>\t\t\t\t\t\t\t\t<\/div>\n\t\t\t\t<\/div>\n\t\t\t\t<\/div>\n\t\t<div class=\"elementor-element elementor-element-b2e05ed e-con-full e-flex e-con e-child\" data-id=\"b2e05ed\" data-element_type=\"container\">\n\t\t\t\t<div class=\"elementor-element elementor-element-5d46e74 elementor-widget elementor-widget-heading\" data-id=\"5d46e74\" data-element_type=\"widget\" data-widget_type=\"heading.default\">\n\t\t\t\t<div class=\"elementor-widget-container\">\n\t\t\t\t\t<h1 class=\"elementor-heading-title elementor-size-default\">Benefits of Orrliden\u00ae 1600<\/h1>\t\t\t\t<\/div>\n\t\t\t\t<\/div>\n\t\t\t\t<div class=\"elementor-element elementor-element-00ab07f elementor-widget__width-initial elementor-widget elementor-widget-text-editor\" data-id=\"00ab07f\" data-element_type=\"widget\" data-widget_type=\"text-editor.default\">\n\t\t\t\t<div class=\"elementor-widget-container\">\n\t\t\t\t\t\t\t\t\t<ul style=\"font-weight: 400;\"><li>Effective: kills even strong scab.<\/li><li>Durable: made of Hardox\u00ae steel.<\/li><li>Versatile: Suitable for different tractors\/excavators and terrains.<\/li><li>Secure: Spring-loaded impact protection.<\/li><\/ul>\t\t\t\t\t\t\t\t<\/div>\n\t\t\t\t<\/div>\n\t\t\t\t<\/div>\n\t\t\t\t\t<\/div>\n\t\t\t\t<\/div>\n\t\t<div class=\"elementor-element elementor-element-71bfd8e8 e-flex e-con-boxed e-con e-parent\" data-id=\"71bfd8e8\" data-element_type=\"container\" id=\"kontakt\" data-settings=\"{&quot;background_background&quot;:&quot;classic&quot;}\">\n\t\t\t\t\t<div class=\"e-con-inner\">\n\t\t\t\t<div class=\"elementor-element elementor-element-1a3ae014 elementor-widget elementor-widget-heading\" data-id=\"1a3ae014\" data-element_type=\"widget\" data-widget_type=\"heading.default\">\n\t\t\t\t<div class=\"elementor-widget-container\">\n\t\t\t\t\t<h3 class=\"elementor-heading-title elementor-size-default\">Stop wasting time and energy on inefficient solutions!  <\/h3>\t\t\t\t<\/div>\n\t\t\t\t<\/div>\n\t\t\t\t<div class=\"elementor-element elementor-element-1cde2dba elementor-widget elementor-widget-text-editor\" data-id=\"1cde2dba\" data-element_type=\"widget\" data-widget_type=\"text-editor.default\">\n\t\t\t\t<div class=\"elementor-widget-container\">\n\t\t\t\t\t\t\t\t\t<p>Choose the Orrliden\u00ae 1600 with Sunfab\u00ae hydro and make your forestry, road or agricultural work more efficient, faster and easier.<\/p><p>Contact us today for more information!<\/p>\t\t\t\t\t\t\t\t<\/div>\n\t\t\t\t<\/div>\n\t\t\t\t<div class=\"elementor-element elementor-element-a2b85fc elementor-widget__width-initial elementor-button-align-stretch elementor-widget elementor-widget-form\" data-id=\"a2b85fc\" data-element_type=\"widget\" data-settings=\"{&quot;step_next_label&quot;:&quot;Next&quot;,&quot;step_previous_label&quot;:&quot;Previous&quot;,&quot;button_width&quot;:&quot;100&quot;,&quot;step_type&quot;:&quot;number_text&quot;,&quot;step_icon_shape&quot;:&quot;circle&quot;}\" data-widget_type=\"form.default\">\n\t\t\t\t<div class=\"elementor-widget-container\">\n\t\t\t\t\t\t\t<form class=\"elementor-form\" method=\"post\" id=\"kontaktivorm\" name=\"Contact form\">\n\t\t\t<input type=\"hidden\" name=\"post_id\" value=\"180\"\/>\n\t\t\t<input type=\"hidden\" name=\"form_id\" value=\"a2b85fc\"\/>\n\t\t\t<input type=\"hidden\" name=\"referer_title\" value=\"\" \/>\n\n\t\t\t\n\t\t\t<div class=\"elementor-form-fields-wrapper elementor-labels-\">\n\t\t\t\t\t\t\t\t<div class=\"elementor-field-type-text elementor-field-group elementor-column elementor-field-group-name elementor-col-50 elementor-field-required\">\n\t\t\t\t\t\t\t\t\t\t\t\t<label for=\"form-field-name\" class=\"elementor-field-label elementor-screen-only\">\n\t\t\t\t\t\t\t\tFirst name and surname\t\t\t\t\t\t\t<\/label>\n\t\t\t\t\t\t\t\t\t\t\t\t\t\t<input size=\"1\" type=\"text\" name=\"form_fields[name]\" id=\"form-field-name\" class=\"elementor-field elementor-size-sm  elementor-field-textual\" placeholder=\"First name and surname\" required=\"required\">\n\t\t\t\t\t\t\t\t\t\t\t<\/div>\n\t\t\t\t\t\t\t\t<div class=\"elementor-field-type-text elementor-field-group elementor-column elementor-field-group-field_bbc7868 elementor-col-50\">\n\t\t\t\t\t\t\t\t\t\t\t\t<label for=\"form-field-field_bbc7868\" class=\"elementor-field-label elementor-screen-only\">\n\t\t\t\t\t\t\t\tCompany\t\t\t\t\t\t\t<\/label>\n\t\t\t\t\t\t\t\t\t\t\t\t\t\t<input size=\"1\" type=\"text\" name=\"form_fields[field_bbc7868]\" id=\"form-field-field_bbc7868\" class=\"elementor-field elementor-size-sm  elementor-field-textual\" placeholder=\"Company\">\n\t\t\t\t\t\t\t\t\t\t\t<\/div>\n\t\t\t\t\t\t\t\t<div class=\"elementor-field-type-tel elementor-field-group elementor-column elementor-field-group-field_751a081 elementor-col-50 elementor-field-required\">\n\t\t\t\t\t\t\t\t\t\t\t\t<label for=\"form-field-field_751a081\" class=\"elementor-field-label elementor-screen-only\">\n\t\t\t\t\t\t\t\tContact telephone\t\t\t\t\t\t\t<\/label>\n\t\t\t\t\t\t\t\t<input size=\"1\" type=\"tel\" name=\"form_fields[field_751a081]\" id=\"form-field-field_751a081\" class=\"elementor-field elementor-size-sm  elementor-field-textual\" placeholder=\"Contact telephone\" required=\"required\" pattern=\"[0-9()#&amp;+*-=.]+\" title=\"Only numbers and phone characters (#, -, *, etc) are accepted.\">\n\n\t\t\t\t\t\t<\/div>\n\t\t\t\t\t\t\t\t<div class=\"elementor-field-type-email elementor-field-group elementor-column elementor-field-group-email elementor-col-50 elementor-field-required\">\n\t\t\t\t\t\t\t\t\t\t\t\t<label for=\"form-field-email\" class=\"elementor-field-label elementor-screen-only\">\n\t\t\t\t\t\t\t\tE-mail address\t\t\t\t\t\t\t<\/label>\n\t\t\t\t\t\t\t\t\t\t\t\t\t\t<input size=\"1\" type=\"email\" name=\"form_fields[email]\" id=\"form-field-email\" class=\"elementor-field elementor-size-sm  elementor-field-textual\" placeholder=\"E-mail address\" required=\"required\">\n\t\t\t\t\t\t\t\t\t\t\t<\/div>\n\t\t\t\t\t\t\t\t<div class=\"elementor-field-type-textarea elementor-field-group elementor-column elementor-field-group-message elementor-col-100 elementor-field-required\">\n\t\t\t\t\t\t\t\t\t\t\t\t<label for=\"form-field-message\" class=\"elementor-field-label elementor-screen-only\">\n\t\t\t\t\t\t\t\tMessage\t\t\t\t\t\t\t<\/label>\n\t\t\t\t\t\t<textarea class=\"elementor-field-textual elementor-field  elementor-size-sm\" name=\"form_fields[message]\" id=\"form-field-message\" rows=\"4\" placeholder=\"Message from\" required=\"required\"><\/textarea>\t\t\t\t<\/div>\n\t\t\t\t\t\t\t\t<div class=\"elementor-field-type-recaptcha_v3 elementor-field-group elementor-column elementor-field-group-field_4846576 elementor-col-100 recaptcha_v3-bottomright\">\n\t\t\t\t\t<div class=\"elementor-field\" id=\"form-field-field_4846576\"><div class=\"elementor-g-recaptcha\" data-sitekey=\"6Leugk4rAAAAAN0cQ1wimNzqkS-YuwglCpMHRkvo\" data-type=\"v3\" data-action=\"Form\" data-badge=\"bottomright\" data-size=\"invisible\"><\/div><\/div>\t\t\t\t<\/div>\n\t\t\t\t\t\t\t\t<div class=\"elementor-field-group elementor-column elementor-field-type-submit elementor-col-100 e-form__buttons\">\n\t\t\t\t\t<button class=\"elementor-button elementor-size-sm\" type=\"submit\">\n\t\t\t\t\t\t<span class=\"elementor-button-content-wrapper\">\n\t\t\t\t\t\t\t\t\t\t\t\t\t\t\t<span class=\"elementor-button-icon\">\n\t\t\t\t\t\t\t\t\t<svg aria-hidden=\"true\" class=\"e-font-icon-svg e-far-envelope-open\" viewBox=\"0 0 512 512\" xmlns=\"http:\/\/www.w3.org\/2000\/svg\"><path d=\"M494.586 164.516c-4.697-3.883-111.723-89.95-135.251-108.657C337.231 38.191 299.437 0 256 0c-43.205 0-80.636 37.717-103.335 55.859-24.463 19.45-131.07 105.195-135.15 108.549A48.004 48.004 0 0 0 0 201.485V464c0 26.51 21.49 48 48 48h416c26.51 0 48-21.49 48-48V201.509a48 48 0 0 0-17.414-36.993zM464 458a6 6 0 0 1-6 6H54a6 6 0 0 1-6-6V204.347c0-1.813.816-3.526 2.226-4.665 15.87-12.814 108.793-87.554 132.364-106.293C200.755 78.88 232.398 48 256 48c23.693 0 55.857 31.369 73.41 45.389 23.573 18.741 116.503 93.493 132.366 106.316a5.99 5.99 0 0 1 2.224 4.663V458zm-31.991-187.704c4.249 5.159 3.465 12.795-1.745 16.981-28.975 23.283-59.274 47.597-70.929 56.863C336.636 362.283 299.205 400 256 400c-43.452 0-81.287-38.237-103.335-55.86-11.279-8.967-41.744-33.413-70.927-56.865-5.21-4.187-5.993-11.822-1.745-16.981l15.258-18.528c4.178-5.073 11.657-5.843 16.779-1.726 28.618 23.001 58.566 47.035 70.56 56.571C200.143 320.631 232.307 352 256 352c23.602 0 55.246-30.88 73.41-45.389 11.994-9.535 41.944-33.57 70.563-56.568 5.122-4.116 12.601-3.346 16.778 1.727l15.258 18.526z\"><\/path><\/svg>\t\t\t\t\t\t\t\t\t\t\t\t\t\t\t\t\t<\/span>\n\t\t\t\t\t\t\t\t\t\t\t\t\t\t\t\t\t\t\t\t\t\t<span class=\"elementor-button-text\">Send to<\/span>\n\t\t\t\t\t\t\t\t\t\t\t\t\t<\/span>\n\t\t\t\t\t<\/button>\n\t\t\t\t<\/div>\n\t\t\t<\/div>\n\t\t<\/form>\n\t\t\t\t\t\t<\/div>\n\t\t\t\t<\/div>\n\t\t\t\t<div class=\"elementor-element elementor-element-6b752f6 elementor-widget elementor-widget-text-editor\" data-id=\"6b752f6\" data-element_type=\"widget\" data-widget_type=\"text-editor.default\">\n\t\t\t\t<div class=\"elementor-widget-container\">\n\t\t\t\t\t\t\t\t\t<p><strong>Production and sales:<\/strong><\/p><p>Hanval Metall O\u00dc, Viljandi County, Karksi-Nuia, T\u00f6\u00f6stuse 1a, 69101<\/p><p>Raivo Piiber <a href=\"tel:+372%2055%20571%20981\">+372 55 571 981<\/a> | <a href=\"mailto:sales@orrliden.eu\">sales@orrliden.eu<\/a> <\/p>\t\t\t\t\t\t\t\t<\/div>\n\t\t\t\t<\/div>\n\t\t\t\t\t<\/div>\n\t\t\t\t<\/div>\n\t\t<div class=\"elementor-element elementor-element-871b266 e-con-full e-flex e-con e-parent\" data-id=\"871b266\" data-element_type=\"container\">\n\t\t\t\t<div class=\"elementor-element elementor-element-85dbfaf elementor-widget elementor-widget-google_maps\" data-id=\"85dbfaf\" data-element_type=\"widget\" data-widget_type=\"google_maps.default\">\n\t\t\t\t<div class=\"elementor-widget-container\">\n\t\t\t\t\t\t\t<div class=\"elementor-custom-embed\">\n\t\t\t<iframe loading=\"lazy\"\n\t\t\t\t\tsrc=\"https:\/\/maps.google.com\/maps?q=Hanval%20Metall%20O%C3%9C&#038;t=m&#038;z=6&#038;output=embed&#038;iwloc=near\"\n\t\t\t\t\ttitle=\"Hanval Metall O\u00dc\"\n\t\t\t\t\taria-label=\"Hanval Metall O\u00dc\"\n\t\t\t><\/iframe>\n\t\t<\/div>\n\t\t\t\t\t\t<\/div>\n\t\t\t\t<\/div>\n\t\t\t\t<\/div>\n\t\t<div class=\"elementor-element elementor-element-1f878350 e-con-full e-flex e-con e-parent\" data-id=\"1f878350\" data-element_type=\"container\" data-settings=\"{&quot;background_background&quot;:&quot;classic&quot;}\">\n\t\t\t\t<div class=\"elementor-element elementor-element-2c9a0d52 elementor-widget elementor-widget-heading\" data-id=\"2c9a0d52\" data-element_type=\"widget\" data-widget_type=\"heading.default\">\n\t\t\t\t<div class=\"elementor-widget-container\">\n\t\t\t\t\t<p class=\"elementor-heading-title elementor-size-default\">\u00a9 2026  All rights reserved. Hanval Metall O\u00dc.<\/p>\t\t\t\t<\/div>\n\t\t\t\t<\/div>\n\t\t\t\t<\/div>\n\t\t\t\t<\/div>\n\t\t","protected":false},"excerpt":{"rendered":"<p>Orrliden\u00ae 1600 Powerful hydro-driven chain-axle lawnmower OPPORTUNITY FOR FORES, ROADS AND GROUNDS:Hydraulically driven chain plough mower Orrliden\u00ae 1600 attached to a tractor or excavator. Find out more Best on rough terrain The Sunfab \u00ae hydraulically powered Orrliden \u00ae chain-axle mower is specially designed to operate on uneven and difficult terrain, e.g. for clearing river banks, [&hellip;]<\/p>\n","protected":false},"author":1,"featured_media":0,"parent":0,"menu_order":0,"comment_status":"closed","ping_status":"closed","template":"","meta":{"footnotes":""},"class_list":["post-180","page","type-page","status-publish","hentry"],"_links":{"self":[{"href":"https:\/\/www.orrliden.eu\/en\/wp-json\/wp\/v2\/pages\/180","targetHints":{"allow":["GET"]}}],"collection":[{"href":"https:\/\/www.orrliden.eu\/en\/wp-json\/wp\/v2\/pages"}],"about":[{"href":"https:\/\/www.orrliden.eu\/en\/wp-json\/wp\/v2\/types\/page"}],"author":[{"embeddable":true,"href":"https:\/\/www.orrliden.eu\/en\/wp-json\/wp\/v2\/users\/1"}],"replies":[{"embeddable":true,"href":"https:\/\/www.orrliden.eu\/en\/wp-json\/wp\/v2\/comments?post=180"}],"version-history":[{"count":2,"href":"https:\/\/www.orrliden.eu\/en\/wp-json\/wp\/v2\/pages\/180\/revisions"}],"predecessor-version":[{"id":208,"href":"https:\/\/www.orrliden.eu\/en\/wp-json\/wp\/v2\/pages\/180\/revisions\/208"}],"wp:attachment":[{"href":"https:\/\/www.orrliden.eu\/en\/wp-json\/wp\/v2\/media?parent=180"}],"curies":[{"name":"wp","href":"https:\/\/api.w.org\/{rel}","templated":true}]}}